{"id":63,"date":"2022-02-26T19:34:15","date_gmt":"2022-02-26T17:34:15","guid":{"rendered":"https:\/\/geroldmatthes.de\/?page_id=63"},"modified":"2024-02-18T16:12:52","modified_gmt":"2024-02-18T15:12:52","slug":"datenschutz","status":"publish","type":"page","link":"https:\/\/geroldmatthes.de\/index.php\/datenschutz\/","title":{"rendered":"Datenschutz"},"content":{"rendered":"<p>Auf diesen Seiten ist es nicht m\u00f6glich, sich anzumelden. Die Anmeldung f\u00fcr Fremde ist auf dieser Seite deaktiviert, um die Privatsph\u00e4re und Sicherheit zu gew\u00e4hrleisten. Es handelt sich um eine <strong style=\"background-color:#ff0000;\">private Seite<\/strong>, und die Interaktion ist auf das Kontaktformular beschr\u00e4nkt. Dies hilft, unerw\u00fcnschte Aktivit\u00e4ten oder Missbrauch zu verhindern. Es ist wichtig zu beachten, dass jede Website ihre eigenen Richtlinien und Verfahren hat, und in diesem Fall wurde entschieden, dass eine Anmeldung f\u00fcr Fremde nicht angeboten wird. Kommentare m\u00fcssen freigeschaltet werden. Der Server speichert die IP des\u00a0 Benutzers in seinen &#8222;logfiles&#8220;. Das dient nur zur Abwehr von Angriffen und ist allgemein \u00fcblich. Diese Seite ist <strong>privat<\/strong> und es gibt <strong>kein Impressum<\/strong>. Die Kontaktaufnahme ist nur \u00fcber das <a title=\"Kontakt\" href=\"https:\/\/geroldmatthes.de\/index.php\/kontakt\/\">Kontaktformular<\/a> m\u00f6glich. Ich bin ebenfalls nicht am Gewinn von verlinkten Seiten beteiligt. Cookies setzt WordPress selbstst\u00e4ndig und sie dienen nicht zur Verfolgung des Benutzers. Da die Anmeldung f\u00fcr Fremde deaktiviert ist, kann das Setzen von Cookies im Browser unterbunden werden. <em><strong>Das Setzen von Cookies hat keinen Einfluss auf die Benutzung der Seite.<\/strong><\/em><\/p>\n<p><strong>Es existiert jetzt wieder eine Erfassung \u00fcber Google Analytics<\/strong>.<\/p>\n<p><strong>Und es gibt hier keinen bl\u00f6den nervigen Cookie-Hinweis. Wer damit nicht einverstanden ist, muss die Seite sofort verlassen.<\/strong><\/p>\n<p>&nbsp;<\/p>\n","protected":false},"excerpt":{"rendered":"<p>Auf diesen Seiten ist es nicht m\u00f6glich, sich anzumelden. Die Anmeldung f\u00fcr Fremde ist auf dieser Seite deaktiviert, um die<\/p>\n","protected":false},"author":3,"featured_media":0,"parent":0,"menu_order":0,"comment_status":"open","ping_status":"closed","template":"","meta":{"_sitemap_exclude":false,"_sitemap_priority":"","_sitemap_frequency":"","footnotes":""},"class_list":["post-63","page","type-page","status-publish","hentry"],"_links":{"self":[{"href":"https:\/\/geroldmatthes.de\/index.php\/wp-json\/wp\/v2\/pages\/63","targetHints":{"allow":["GET"]}}],"collection":[{"href":"https:\/\/geroldmatthes.de\/index.php\/wp-json\/wp\/v2\/pages"}],"about":[{"href":"https:\/\/geroldmatthes.de\/index.php\/wp-json\/wp\/v2\/types\/page"}],"author":[{"embeddable":true,"href":"https:\/\/geroldmatthes.de\/index.php\/wp-json\/wp\/v2\/users\/3"}],"replies":[{"embeddable":true,"href":"https:\/\/geroldmatthes.de\/index.php\/wp-json\/wp\/v2\/comments?post=63"}],"version-history":[{"count":18,"href":"https:\/\/geroldmatthes.de\/index.php\/wp-json\/wp\/v2\/pages\/63\/revisions"}],"predecessor-version":[{"id":994,"href":"https:\/\/geroldmatthes.de\/index.php\/wp-json\/wp\/v2\/pages\/63\/revisions\/994"}],"wp:attachment":[{"href":"https:\/\/geroldmatthes.de\/index.php\/wp-json\/wp\/v2\/media?parent=63"}],"curies":[{"name":"wp","href":"https:\/\/api.w.org\/{rel}","templated":true}]}}